{"id":1292,"date":"2018-10-25T15:26:09","date_gmt":"2018-10-25T15:26:09","guid":{"rendered":"http:\/\/wordpress-89239-751427.cloudwaysapps.com\/?page_id=1292"},"modified":"2023-04-19T10:56:41","modified_gmt":"2023-04-19T10:56:41","slug":"about-homey","status":"publish","type":"page","link":"https:\/\/homesbyfc.com\/pt\/about-homey\/","title":{"rendered":"About Homey"},"content":{"rendered":"<p>[vc_row css=&#8221;.vc_custom_1540484653733{margin-bottom: 30px !important;padding-right: 30px !important;padding-left: 30px !important;background-color: #ffffff !important;}&#8221;][vc_column][vc_column_text]Somos uma pequena e jovem empresa de gest\u00e3o de im\u00f3veis na regi\u00e3o do Algarve, especializada em alojamento local. A empresa foi fundada em 2021 com o objetivo de proporcionar aos turistas que visitam o Algarve uma experi\u00eancia \u00fanica e sustent\u00e1vel.<\/p>\n<p>A empresa \u00e9 composta por uma equipa de profissionais experientes e qualificados, que se esfor\u00e7am para garantir que cada h\u00f3spede tenha uma estadia memor\u00e1vel e livre de problemas.<\/p>\n<p>Todos os im\u00f3veis geridos pela empresa s\u00e3o cuidadosamente selecionados e avaliados para garantir que atendam aos mais altos padr\u00f5es de qualidade e conforto.<\/p>\n<p>A Homesbyfc tem um forte compromisso com o meio ambiente e \u00e9 respons\u00e1vel por reduzir o impacto ambiental de suas opera\u00e7\u00f5es. A empresa adota pr\u00e1ticas sustent\u00e1veis, desde a sele\u00e7\u00e3o de fornecedores at\u00e9 a gest\u00e3o do lixo e a conserva\u00e7\u00e3o de energia. Al\u00e9m disso, a empresa incentiva seus h\u00f3spedes a serem conscientes e respons\u00e1veis com o ambiente, fornecendo informa\u00e7\u00f5es sobre pr\u00e1ticas sustent\u00e1veis e dicas para reduzir o consumo de energia e \u00e1gua durante a estadia.<\/p>\n<p>\u00c9 uma empresa que se preocupa com a comunidade local e est\u00e1 empenhada em apoiar o desenvolvimento econ\u00f4mico e social do interior Algarvio. A empresa trabalha em estreita colabora\u00e7\u00e3o com parceiros locais, como empresas de limpeza, manuten\u00e7\u00e3o e produtores agr\u00edcolas, para garantir que seus servi\u00e7os sejam prestados por profissionais locais e que a empresa possa contribuir para a economia local.<\/p>\n<p>Em resumo, a Homesbyfc \u00e9 uma empresa respons\u00e1vel, comprometida com a qualidade, o conforto e a sustentabilidade. A empresa \u00e9 uma escolha excelente para quem busca um alojamento local aut\u00eantico e confort\u00e1vel ao mesmo tempo em que contribui para o desenvolvimento da regi\u00e3o.<\/p>\n<p>[\/vc_column_text][\/vc_column][\/vc_row][vc_row][vc_column]\n<div class=\"wpcf7 no-js\" id=\"wpcf7-f1343-o2\" lang=\"en-US\" dir=\"ltr\">\n<div class=\"screen-reader-response\"><p role=\"status\" aria-live=\"polite\" aria-atomic=\"true\"><\/p> <ul><\/ul><\/div>\n<form action=\"\/pt\/wp-json\/wp\/v2\/pages\/1292#wpcf7-f1343-o2\" method=\"post\" class=\"wpcf7-form init\" aria-label=\"Contact form\" novalidate=\"novalidate\" data-status=\"init\">\n<div style=\"display: none;\">\n<input type=\"hidden\" name=\"_wpcf7\" value=\"1343\" \/>\n<input type=\"hidden\" name=\"_wpcf7_version\" value=\"5.9.8\" \/>\n<input type=\"hidden\" name=\"_wpcf7_locale\" value=\"en_US\" \/>\n<input type=\"hidden\" name=\"_wpcf7_unit_tag\" value=\"wpcf7-f1343-o2\" \/>\n<input type=\"hidden\" name=\"_wpcf7_container_post\" value=\"0\" \/>\n<input type=\"hidden\" name=\"_wpcf7_posted_data_hash\" value=\"\" \/>\n<input type=\"hidden\" name=\"_wpcf7_recaptcha_response\" value=\"\" \/>\n<\/div>\n<div class=\"form-group\">\n\t<p><label class=\"required\" for=\"yourName\">Nome<\/label><br \/>\n<span class=\"wpcf7-form-control-wrap\" data-name=\"your-name\"><input size=\"40\" maxlength=\"400\" class=\"wpcf7-form-control wpcf7-text wpcf7-validates-as-required form-control\" aria-required=\"true\" aria-invalid=\"false\" value=\"\" type=\"text\" name=\"your-name\" \/><\/span>\n\t<\/p>\n<\/div>\n<div class=\"form-group\">\n\t<p><label class=\"required\" for=\"yourEmail\">Email<\/label><br \/>\n<span class=\"wpcf7-form-control-wrap\" data-name=\"your-email\"><input size=\"40\" maxlength=\"400\" class=\"wpcf7-form-control wpcf7-email wpcf7-validates-as-required wpcf7-text wpcf7-validates-as-email form-control\" aria-required=\"true\" aria-invalid=\"false\" value=\"\" type=\"email\" name=\"your-email\" \/><\/span>\n\t<\/p>\n<\/div>\n<div class=\"form-group\">\n\t<p><label class=\"required\" for=\"yourSubject\">Assunto <\/label><br \/>\n<span class=\"wpcf7-form-control-wrap\" data-name=\"your-subject\"><input size=\"40\" maxlength=\"400\" class=\"wpcf7-form-control wpcf7-text wpcf7-validates-as-required form-control\" aria-required=\"true\" aria-invalid=\"false\" value=\"\" type=\"text\" name=\"your-subject\" \/><\/span>\n\t<\/p>\n<\/div>\n<div class=\"form-group\">\n\t<p><label class=\"required\" for=\"yourMessage\">Mensagem <\/label><br \/>\n<span class=\"wpcf7-form-control-wrap\" data-name=\"your-message\"><textarea cols=\"40\" rows=\"10\" maxlength=\"2000\" class=\"wpcf7-form-control wpcf7-textarea wpcf7-validates-as-required form-control\" aria-required=\"true\" aria-invalid=\"false\" name=\"your-message\"><\/textarea><\/span>\n\t<\/p>\n<\/div>\n<p><input class=\"wpcf7-form-control wpcf7-submit has-spinner btn btn-primary\" type=\"submit\" value=\"Send\" \/>\n<\/p><div class=\"wpcf7-response-output\" aria-hidden=\"true\"><\/div>\n<\/form>\n<\/div>\n[\/vc_column][\/vc_row]<\/p>","protected":false},"excerpt":{"rendered":"<p>[vc_row css=&#8221;.vc_custom_1540484653733{margin-bottom: 30px !important;padding-right: 30px !important;padding-left: 30px !important;background-color: #ffffff !important;}&#8221;][vc_column][vc_column_text]Somos uma pequena e jovem empresa de gest\u00e3o de im\u00f3veis na regi\u00e3o do Algarve, especializada em alojamento local. A empresa foi fundada em 2021 com o objetivo de proporcionar aos turistas que visitam o Algarve uma experi\u00eancia \u00fanica e sustent\u00e1vel. A empresa \u00e9 composta por uma [&hellip;]<\/p>\n","protected":false},"author":1,"featured_media":0,"parent":0,"menu_order":0,"comment_status":"closed","ping_status":"closed","template":"template\/template-homepage.php","meta":{"inline_featured_image":false,"_joinchat":[],"footnotes":""},"_links":{"self":[{"href":"https:\/\/homesbyfc.com\/pt\/wp-json\/wp\/v2\/pages\/1292"}],"collection":[{"href":"https:\/\/homesbyfc.com\/pt\/wp-json\/wp\/v2\/pages"}],"about":[{"href":"https:\/\/homesbyfc.com\/pt\/wp-json\/wp\/v2\/types\/page"}],"author":[{"embeddable":true,"href":"https:\/\/homesbyfc.com\/pt\/wp-json\/wp\/v2\/users\/1"}],"replies":[{"embeddable":true,"href":"https:\/\/homesbyfc.com\/pt\/wp-json\/wp\/v2\/comments?post=1292"}],"version-history":[{"count":28,"href":"https:\/\/homesbyfc.com\/pt\/wp-json\/wp\/v2\/pages\/1292\/revisions"}],"predecessor-version":[{"id":3016,"href":"https:\/\/homesbyfc.com\/pt\/wp-json\/wp\/v2\/pages\/1292\/revisions\/3016"}],"wp:attachment":[{"href":"https:\/\/homesbyfc.com\/pt\/wp-json\/wp\/v2\/media?parent=1292"}],"curies":[{"name":"wp","href":"https:\/\/api.w.org\/{rel}","templated":true}]}}