{"id":2302,"date":"2021-02-10T16:06:46","date_gmt":"2021-02-10T16:06:46","guid":{"rendered":"https:\/\/homesbyfc.com\/?page_id=2302"},"modified":"2023-03-16T18:32:36","modified_gmt":"2023-03-16T18:32:36","slug":"terms-and-conditions","status":"publish","type":"page","link":"https:\/\/homesbyfc.com\/pt\/terms-and-conditions\/","title":{"rendered":"Termos e Condi\u00e7\u00f5es"},"content":{"rendered":"<div>\r\n<p class=\"western\">CONDI\u00c7\u00d5ES GERAIS<\/p>\r\n<p class=\"western\"><span lang=\"pt-PT\">CANCELAMENTO DO CONTRATO POR PARTE DO CLIENTE<\/span><\/p>\r\n<p class=\"western\"><span lang=\"pt-PT\">Com o cancelamento do contrato, ser\u00e3o aplicadas as seguintes penaliza\u00e7\u00f5es:<\/span><\/p>\r\n<p class=\"western\"><span lang=\"pt-PT\">30 dias antes da data de check-in, 10% do montante da reserva.<\/span><\/p>\r\n<p class=\"western\"><span lang=\"pt-PT\">Entre os 29 e os 7 dias, 50%.<\/span><\/p>\r\n<p class=\"western\"><span lang=\"pt-PT\">Menos de 7 dias antes, 100%.<\/span><\/p>\r\n<p class=\"western\"><span lang=\"pt-PT\">N\u00e3o haver\u00e1 lugar a DEVOLU\u00c7\u00d5ES caso o cliente desista dos servi\u00e7os voluntariamente antes de conclu\u00edda a sua estad\u00eda.<\/span><\/p>\r\n<p class=\"western\"><span lang=\"pt-PT\">MODIFICA\u00c7\u00d5ES POR PARTE DA EMPRESA<\/span><\/p>\r\n<p class=\"western\"><span lang=\"pt-PT\">Caso surjam situa\u00e7\u00f5es imprevis\u00edveis e n\u00e3o imput\u00e1veis \u00e0 empresa, resultando de que o alojamento n\u00e3o possa ser ocupado, a empresa por\u00e1 \u00e0 disposi\u00e7\u00e3o do cliente outro alojamento com caracter\u00edsticas iguais ou superiores, sem lugar a reembolso por nenhuma das partes.<\/span><\/p>\r\n<p class=\"western\">\u00a0<\/p>\r\n<\/div>","protected":false},"excerpt":{"rendered":"<p>CONDI\u00c7\u00d5ES GERAIS CANCELAMENTO DO CONTRATO POR PARTE DO CLIENTE Com o cancelamento do contrato, ser\u00e3o aplicadas as seguintes penaliza\u00e7\u00f5es: 30 dias antes da data de check-in, 10% do montante da reserva. Entre os 29 e os 7 dias, 50%. Menos de 7 dias antes, 100%. N\u00e3o haver\u00e1 lugar a DEVOLU\u00c7\u00d5ES caso o cliente desista dos [&hellip;]<\/p>\n","protected":false},"author":1,"featured_media":0,"parent":0,"menu_order":0,"comment_status":"closed","ping_status":"open","template":"","meta":{"inline_featured_image":false,"_joinchat":[],"footnotes":""},"_links":{"self":[{"href":"https:\/\/homesbyfc.com\/pt\/wp-json\/wp\/v2\/pages\/2302"}],"collection":[{"href":"https:\/\/homesbyfc.com\/pt\/wp-json\/wp\/v2\/pages"}],"about":[{"href":"https:\/\/homesbyfc.com\/pt\/wp-json\/wp\/v2\/types\/page"}],"author":[{"embeddable":true,"href":"https:\/\/homesbyfc.com\/pt\/wp-json\/wp\/v2\/users\/1"}],"replies":[{"embeddable":true,"href":"https:\/\/homesbyfc.com\/pt\/wp-json\/wp\/v2\/comments?post=2302"}],"version-history":[{"count":4,"href":"https:\/\/homesbyfc.com\/pt\/wp-json\/wp\/v2\/pages\/2302\/revisions"}],"predecessor-version":[{"id":2806,"href":"https:\/\/homesbyfc.com\/pt\/wp-json\/wp\/v2\/pages\/2302\/revisions\/2806"}],"wp:attachment":[{"href":"https:\/\/homesbyfc.com\/pt\/wp-json\/wp\/v2\/media?parent=2302"}],"curies":[{"name":"wp","href":"https:\/\/api.w.org\/{rel}","templated":true}]}}