{"id":3,"date":"2020-12-11T11:30:19","date_gmt":"2020-12-11T11:30:19","guid":{"rendered":"https:\/\/homesbyfc.com\/?page_id=3"},"modified":"2023-03-16T18:30:29","modified_gmt":"2023-03-16T18:30:29","slug":"politica-privacidade","status":"publish","type":"page","link":"https:\/\/homesbyfc.com\/pt\/politica-privacidade\/","title":{"rendered":"PROTEC\u00c7\u00c3O DE DADOS"},"content":{"rendered":"<div>\u00a0<\/div>\r\n<div>Em cumprimento do estabelecido na Lei Org\u00e2nica 15\/1999, de 13 de Dezembro, acerca da Protec\u00e7\u00e3o de<\/div>\r\n<div>Dados de Car\u00e1cter Pessoal (\u201cLPD\u201d), informamos que durante o processamento da reserva o seus dados<\/div>\r\n<div>pessoais ficar\u00e3o armazenados nos ficheiros da empresa com o intuito de poder prestar-lhe os nossos<\/div>\r\n<div>servi\u00e7os. Consequentemente, informamos de que pode exercer os seus direitos de acesso, rectifica\u00e7\u00e3o,<\/div>\r\n<div>cancelamento e oposi\u00e7\u00e3o dos seus dados de car\u00e1cter pessoal, sendo o respons\u00e1vel pelos dados<\/div>\r\n<div>constantes no ficheiro da empresa.<\/div>","protected":false},"excerpt":{"rendered":"<p>\u00a0 Em cumprimento do estabelecido na Lei Org\u00e2nica 15\/1999, de 13 de Dezembro, acerca da Protec\u00e7\u00e3o de Dados de Car\u00e1cter Pessoal (\u201cLPD\u201d), informamos que durante o processamento da reserva o seus dados pessoais ficar\u00e3o armazenados nos ficheiros da empresa com o intuito de poder prestar-lhe os nossos servi\u00e7os. Consequentemente, informamos de que pode exercer os [&hellip;]<\/p>\n","protected":false},"author":1,"featured_media":0,"parent":0,"menu_order":0,"comment_status":"closed","ping_status":"open","template":"","meta":{"inline_featured_image":false,"_joinchat":[],"footnotes":""},"_links":{"self":[{"href":"https:\/\/homesbyfc.com\/pt\/wp-json\/wp\/v2\/pages\/3"}],"collection":[{"href":"https:\/\/homesbyfc.com\/pt\/wp-json\/wp\/v2\/pages"}],"about":[{"href":"https:\/\/homesbyfc.com\/pt\/wp-json\/wp\/v2\/types\/page"}],"author":[{"embeddable":true,"href":"https:\/\/homesbyfc.com\/pt\/wp-json\/wp\/v2\/users\/1"}],"replies":[{"embeddable":true,"href":"https:\/\/homesbyfc.com\/pt\/wp-json\/wp\/v2\/comments?post=3"}],"version-history":[{"count":3,"href":"https:\/\/homesbyfc.com\/pt\/wp-json\/wp\/v2\/pages\/3\/revisions"}],"predecessor-version":[{"id":2805,"href":"https:\/\/homesbyfc.com\/pt\/wp-json\/wp\/v2\/pages\/3\/revisions\/2805"}],"wp:attachment":[{"href":"https:\/\/homesbyfc.com\/pt\/wp-json\/wp\/v2\/media?parent=3"}],"curies":[{"name":"wp","href":"https:\/\/api.w.org\/{rel}","templated":true}]}}