{"id":3011,"date":"2023-04-19T09:51:12","date_gmt":"2023-04-19T09:51:12","guid":{"rendered":"https:\/\/homesbyfc.com\/?page_id=3011"},"modified":"2023-04-19T11:50:30","modified_gmt":"2023-04-19T11:50:30","slug":"property","status":"publish","type":"page","link":"https:\/\/homesbyfc.com\/pt\/property\/","title":{"rendered":"Propriedade"},"content":{"rendered":"<p>[vc_row][vc_column][vc_column_text]Caro propriet\u00e1rio,<\/p>\n<p>Est\u00e1 \u00e0 procura de uma forma de rentabilizar a sua casa na regi\u00e3o do Algarve? A nossa empresa de gest\u00e3o de im\u00f3veis para alojamento local pode ajud\u00e1-lo a maximizar o seu potencial de rendimento.<br \/>\nAo entregar a gest\u00e3o da sua propriedade \u00e0 nossa equipa de profissionais experientes e qualificados, o seu im\u00f3vel ser\u00e1 cuidadosamente selecionado e avaliado para garantir a qualidade e o conforto dos h\u00f3spedes.<br \/>\nAo escolher a nossa empresa para gerir a sua propriedade de alojamento local, ter\u00e1 a garantia de um servi\u00e7o de qualidade e de um rendimento financeiro atrativo. Contacte-nos hoje mesmo para discutirmos as melhores op\u00e7\u00f5es para si.[\/vc_column_text][vc_empty_space][\/vc_column][\/vc_row][vc_row][vc_column]\n<div class=\"wpcf7 no-js\" id=\"wpcf7-f1343-o2\" lang=\"en-US\" dir=\"ltr\">\n<div class=\"screen-reader-response\"><p role=\"status\" aria-live=\"polite\" aria-atomic=\"true\"><\/p> <ul><\/ul><\/div>\n<form action=\"\/pt\/wp-json\/wp\/v2\/pages\/3011#wpcf7-f1343-o2\" method=\"post\" class=\"wpcf7-form init\" aria-label=\"Contact form\" novalidate=\"novalidate\" data-status=\"init\">\n<div style=\"display: none;\">\n<input type=\"hidden\" name=\"_wpcf7\" value=\"1343\" \/>\n<input type=\"hidden\" name=\"_wpcf7_version\" value=\"5.9.8\" \/>\n<input type=\"hidden\" name=\"_wpcf7_locale\" value=\"en_US\" \/>\n<input type=\"hidden\" name=\"_wpcf7_unit_tag\" value=\"wpcf7-f1343-o2\" \/>\n<input type=\"hidden\" name=\"_wpcf7_container_post\" value=\"0\" \/>\n<input type=\"hidden\" name=\"_wpcf7_posted_data_hash\" value=\"\" \/>\n<input type=\"hidden\" name=\"_wpcf7_recaptcha_response\" value=\"\" \/>\n<\/div>\n<div class=\"form-group\">\n\t<p><label class=\"required\" for=\"yourName\">Nome<\/label><br \/>\n<span class=\"wpcf7-form-control-wrap\" data-name=\"your-name\"><input size=\"40\" maxlength=\"400\" class=\"wpcf7-form-control wpcf7-text wpcf7-validates-as-required form-control\" aria-required=\"true\" aria-invalid=\"false\" value=\"\" type=\"text\" name=\"your-name\" \/><\/span>\n\t<\/p>\n<\/div>\n<div class=\"form-group\">\n\t<p><label class=\"required\" for=\"yourEmail\">Email<\/label><br \/>\n<span class=\"wpcf7-form-control-wrap\" data-name=\"your-email\"><input size=\"40\" maxlength=\"400\" class=\"wpcf7-form-control wpcf7-email wpcf7-validates-as-required wpcf7-text wpcf7-validates-as-email form-control\" aria-required=\"true\" aria-invalid=\"false\" value=\"\" type=\"email\" name=\"your-email\" \/><\/span>\n\t<\/p>\n<\/div>\n<div class=\"form-group\">\n\t<p><label class=\"required\" for=\"yourSubject\">Assunto <\/label><br \/>\n<span class=\"wpcf7-form-control-wrap\" data-name=\"your-subject\"><input size=\"40\" maxlength=\"400\" class=\"wpcf7-form-control wpcf7-text wpcf7-validates-as-required form-control\" aria-required=\"true\" aria-invalid=\"false\" value=\"\" type=\"text\" name=\"your-subject\" \/><\/span>\n\t<\/p>\n<\/div>\n<div class=\"form-group\">\n\t<p><label class=\"required\" for=\"yourMessage\">Mensagem <\/label><br \/>\n<span class=\"wpcf7-form-control-wrap\" data-name=\"your-message\"><textarea cols=\"40\" rows=\"10\" maxlength=\"2000\" class=\"wpcf7-form-control wpcf7-textarea wpcf7-validates-as-required form-control\" aria-required=\"true\" aria-invalid=\"false\" name=\"your-message\"><\/textarea><\/span>\n\t<\/p>\n<\/div>\n<p><input class=\"wpcf7-form-control wpcf7-submit has-spinner btn btn-primary\" type=\"submit\" value=\"Send\" \/>\n<\/p><div class=\"wpcf7-response-output\" aria-hidden=\"true\"><\/div>\n<\/form>\n<\/div>\n[\/vc_column][\/vc_row][vc_row][vc_column][\/vc_column][\/vc_row]<\/p>","protected":false},"excerpt":{"rendered":"<p>[vc_row][vc_column][vc_column_text]Caro propriet\u00e1rio, Est\u00e1 \u00e0 procura de uma forma de rentabilizar a sua casa na regi\u00e3o do Algarve? A nossa empresa de gest\u00e3o de im\u00f3veis para alojamento local pode ajud\u00e1-lo a maximizar o seu potencial de rendimento. Ao entregar a gest\u00e3o da sua propriedade \u00e0 nossa equipa de profissionais experientes e qualificados, o seu im\u00f3vel ser\u00e1 [&hellip;]<\/p>\n","protected":false},"author":1,"featured_media":0,"parent":0,"menu_order":0,"comment_status":"closed","ping_status":"closed","template":"","meta":{"inline_featured_image":false,"_joinchat":[],"footnotes":""},"_links":{"self":[{"href":"https:\/\/homesbyfc.com\/pt\/wp-json\/wp\/v2\/pages\/3011"}],"collection":[{"href":"https:\/\/homesbyfc.com\/pt\/wp-json\/wp\/v2\/pages"}],"about":[{"href":"https:\/\/homesbyfc.com\/pt\/wp-json\/wp\/v2\/types\/page"}],"author":[{"embeddable":true,"href":"https:\/\/homesbyfc.com\/pt\/wp-json\/wp\/v2\/users\/1"}],"replies":[{"embeddable":true,"href":"https:\/\/homesbyfc.com\/pt\/wp-json\/wp\/v2\/comments?post=3011"}],"version-history":[{"count":3,"href":"https:\/\/homesbyfc.com\/pt\/wp-json\/wp\/v2\/pages\/3011\/revisions"}],"predecessor-version":[{"id":3076,"href":"https:\/\/homesbyfc.com\/pt\/wp-json\/wp\/v2\/pages\/3011\/revisions\/3076"}],"wp:attachment":[{"href":"https:\/\/homesbyfc.com\/pt\/wp-json\/wp\/v2\/media?parent=3011"}],"curies":[{"name":"wp","href":"https:\/\/api.w.org\/{rel}","templated":true}]}}